{"id":3583,"date":"2026-05-06T09:26:30","date_gmt":"2026-05-06T07:26:30","guid":{"rendered":"https:\/\/wsv-werder.com\/?page_id=3583"},"modified":"2026-05-06T10:13:25","modified_gmt":"2026-05-06T08:13:25","slug":"kinderschutz","status":"publish","type":"page","link":"https:\/\/wsv-werder.com\/?page_id=3583","title":{"rendered":"KINDERSCHUTZ"},"content":{"rendered":"<section data-bb-version=\"5.4.0\" id=\"bt_bb_section69fb11043865b\" class=\"bt_bb_section bt_bb_layout_boxed_1200 bt_bb_vertical_align_top bt_bb_top_spacing_normal bt_bb_bottom_spacing_normal\"  data-bt-override-class=\"{&quot;bt_bb_top_spacing_&quot;:{&quot;current_class&quot;:&quot;bt_bb_top_spacing_normal&quot;,&quot;def&quot;:&quot;normal&quot;},&quot;bt_bb_bottom_spacing_&quot;:{&quot;current_class&quot;:&quot;bt_bb_bottom_spacing_normal&quot;,&quot;def&quot;:&quot;normal&quot;},&quot;bt_bb_animation_&quot;:{&quot;current_class&quot;:&quot;bt_bb_animation_no_animation&quot;,&quot;def&quot;:&quot;no_animation&quot;}}\"><div class=\"bt_bb_port\"><div class=\"bt_bb_cell\"><div class=\"bt_bb_cell_inner\"><div data-bb-version=\"5.4.0\" class=\"bt_bb_row \"  data-bt-override-class=\"{&quot;bt_bb_animation_&quot;:{&quot;current_class&quot;:&quot;bt_bb_animation_no_animation&quot;,&quot;def&quot;:&quot;no_animation&quot;}}\"><div class=\"bt_bb_row_holder\" ><div data-bb-version=\"5.7.2\"  class=\"bt_bb_column col-xxl-6 col-xl-6 col-xs-12 col-sm-6 col-md-6 col-lg-6 bt_bb_vertical_align_top bt_bb_align_left bt_bb_padding_normal bt_bb_animation_fade_in animate\" style=\"; --column-width:6;\" data-width=\"6\" data-bt-override-class=\"{&quot;bt_bb_vertical_align_&quot;:{&quot;current_class&quot;:&quot;bt_bb_vertical_align_top&quot;,&quot;def&quot;:&quot;top&quot;},&quot;bt_bb_align_&quot;:{&quot;current_class&quot;:&quot;bt_bb_align_left&quot;,&quot;def&quot;:&quot;left&quot;},&quot;bt_bb_padding_&quot;:{&quot;current_class&quot;:&quot;bt_bb_padding_normal&quot;,&quot;def&quot;:&quot;normal&quot;},&quot;bt_bb_animation_&quot;:{&quot;current_class&quot;:&quot;bt_bb_animation_fade_in animate&quot;,&quot;def&quot;:&quot;fade_in animate&quot;}}\"><div class=\"bt_bb_column_content\"><div class=\"bt_bb_column_content_inner\"><header data-bb-version=\"5.7.2\" class=\"bt_bb_headline bt_bb_font_weight_light bt_bb_color_scheme_5 bt_bb_dash_none bt_bb_superheadline bt_bb_subheadline bt_bb_size_normal bt_bb_align_center\" style=\"; --primary-color:#191919; --secondary-color:#1e73be;\" data-bt-override-class=\"{&quot;bt_bb_size_&quot;:{&quot;current_class&quot;:&quot;bt_bb_size_normal&quot;,&quot;def&quot;:&quot;normal&quot;},&quot;bt_bb_align_&quot;:{&quot;current_class&quot;:&quot;bt_bb_align_center&quot;,&quot;def&quot;:&quot;center&quot;},&quot;bt_bb_animation_&quot;:{&quot;current_class&quot;:&quot;bt_bb_animation_no_animation&quot;,&quot;def&quot;:&quot;no_animation&quot;}}\"><h2 class=\"bt_bb_headline_tag\"><span class=\"bt_bb_headline_superheadline\">KONZEPT<\/span><span class=\"bt_bb_headline_content\"><span>KINDER- UND <strong>JUGENDSCHUTZ<\/strong><\/span><\/span><\/h2><div class=\"bt_bb_headline_subheadline\">im Windsurfverein Werder (Havel) e.V.<\/div><\/header><div data-bb-version=\"5.4.0\" class=\"bt_bb_separator bt_bb_border_style_none bt_bb_top_spacing_small bt_bb_bottom_spacing_small\" data-bt-override-class=\"{&quot;bt_bb_top_spacing_&quot;:{&quot;current_class&quot;:&quot;bt_bb_top_spacing_small&quot;,&quot;def&quot;:&quot;small&quot;},&quot;bt_bb_bottom_spacing_&quot;:{&quot;current_class&quot;:&quot;bt_bb_bottom_spacing_small&quot;,&quot;def&quot;:&quot;small&quot;}}\"><\/div><div  class=\"bt_bb_text\" ><\/p>\n<p>Der <strong>Schutz von Kindern und Jugendlichen<\/strong> \ud83d\udc69\u200d\ud83d\udc66 hat in unserem Verein h\u00f6chste Priorit\u00e4t. Wir m\u00f6chten ein sicheres, respektvolles und vertrauensvolles Umfeld schauen, in dem sich junge Menschen frei entfalten k\u00f6nnen. \ud83e\udd17<\/p>\n<p><strong>Unsere Grunds\u00e4tze:<\/strong><\/p>\n<ul>\n<li>Null-Toleranz gegen\u00fcber Gewalt, Diskriminierung und Grenzverletzungen \ud83d\ude45<\/li>\n<li>Respektvoller und wertsch\u00e4tzender Umgang miteinander \ud83d\udc4c<\/li>\n<li>Klare Regeln f\u00fcr Training, Betreuung und Kommunikation \ud83d\udde3\ufe0f<\/li>\n<\/ul>\n<p><strong>Pr\u00e4vention:<\/strong><\/p>\n<ul>\n<li>Einsatz sensibilisierter Trainerinnen und Trainer \ud83c\udfcb\ufe0f<\/li>\n<li>Einsicht in erweiterte F\u00fchrungszeugnisse \ud83d\udcdd<\/li>\n<li>Verbindlicher Verhaltenskodex f\u00fcr alle Beteiligten \ud83d\udcdc<\/li>\n<\/ul>\n<p><strong>Ansprechpartner:<\/strong><\/p>\n<ul>\n<li><em><strong>Kinderschutzbeauftragte:<\/strong><\/em> Henrike \ud83d\udc69<\/li>\n<li><strong><em>Stellvertretung:<\/em><\/strong> Max \ud83d\udc68\u200d\ud83e\uddb0<\/li>\n<\/ul>\n<p><strong>Hinweis:<\/strong><br \/>Bei Fragen oder Anliegen zum Kinderschutz k\u00f6nnen sich Mitglieder und Eltern jederzeit vertraulich an uns wenden. \ud83d\udce8<\/p>\n<p>\n<\/div><div data-bb-version=\"5.4.0\" class=\"bt_bb_separator bt_bb_border_style_none bt_bb_top_spacing_small bt_bb_bottom_spacing_small\" data-bt-override-class=\"{&quot;bt_bb_top_spacing_&quot;:{&quot;current_class&quot;:&quot;bt_bb_top_spacing_small&quot;,&quot;def&quot;:&quot;small&quot;},&quot;bt_bb_bottom_spacing_&quot;:{&quot;current_class&quot;:&quot;bt_bb_bottom_spacing_small&quot;,&quot;def&quot;:&quot;small&quot;}}\"><\/div><\/div><\/div><\/div><div data-bb-version=\"5.7.2\"  class=\"bt_bb_column col-xxl-6 col-xl-6 col-xs-12 col-sm-6 col-md-6 col-lg-6 bt_bb_vertical_align_top bt_bb_align_left bt_bb_padding_normal bt_bb_animation_fade_in animate\" style=\"; --column-width:6;\" data-width=\"6\" data-bt-override-class=\"{&quot;bt_bb_vertical_align_&quot;:{&quot;current_class&quot;:&quot;bt_bb_vertical_align_top&quot;,&quot;def&quot;:&quot;top&quot;},&quot;bt_bb_align_&quot;:{&quot;current_class&quot;:&quot;bt_bb_align_left&quot;,&quot;def&quot;:&quot;left&quot;},&quot;bt_bb_padding_&quot;:{&quot;current_class&quot;:&quot;bt_bb_padding_normal&quot;,&quot;def&quot;:&quot;normal&quot;},&quot;bt_bb_animation_&quot;:{&quot;current_class&quot;:&quot;bt_bb_animation_fade_in animate&quot;,&quot;def&quot;:&quot;fade_in animate&quot;}}\"><div class=\"bt_bb_column_content\"><div class=\"bt_bb_column_content_inner\"><header data-bb-version=\"5.7.2\" class=\"bt_bb_headline bt_bb_font_weight_light bt_bb_color_scheme_5 bt_bb_dash_none bt_bb_superheadline bt_bb_subheadline bt_bb_size_normal bt_bb_align_center\" style=\"; --primary-color:#191919; --secondary-color:#1e73be;\" data-bt-override-class=\"{&quot;bt_bb_size_&quot;:{&quot;current_class&quot;:&quot;bt_bb_size_normal&quot;,&quot;def&quot;:&quot;normal&quot;},&quot;bt_bb_align_&quot;:{&quot;current_class&quot;:&quot;bt_bb_align_center&quot;,&quot;def&quot;:&quot;center&quot;},&quot;bt_bb_animation_&quot;:{&quot;current_class&quot;:&quot;bt_bb_animation_no_animation&quot;,&quot;def&quot;:&quot;no_animation&quot;}}\"><h2 class=\"bt_bb_headline_tag\"><span class=\"bt_bb_headline_superheadline\">SCHREIB UNS<\/span><span class=\"bt_bb_headline_content\"><span>MELDE <strong>FORMULAR<\/strong><\/span><\/span><\/h2><div class=\"bt_bb_headline_subheadline\">Dein Anliegen (alle Angaben sind freiwillig)<\/div><\/header><div data-bb-version=\"5.4.0\" class=\"bt_bb_separator bt_bb_border_style_none bt_bb_top_spacing_small bt_bb_bottom_spacing_small\" data-bt-override-class=\"{&quot;bt_bb_top_spacing_&quot;:{&quot;current_class&quot;:&quot;bt_bb_top_spacing_small&quot;,&quot;def&quot;:&quot;small&quot;},&quot;bt_bb_bottom_spacing_&quot;:{&quot;current_class&quot;:&quot;bt_bb_bottom_spacing_small&quot;,&quot;def&quot;:&quot;small&quot;}}\"><\/div><div  class=\"bt_bb_text\" ><\/p>\n<div class=\"wpcf7 no-js\" id=\"wpcf7-f3596-o1\" lang=\"en-US\" dir=\"ltr\" data-wpcf7-id=\"3596\">\n<div class=\"screen-reader-response\">\n<p role=\"status\" aria-live=\"polite\" aria-atomic=\"true\">\n<ul><\/ul>\n<\/div>\n<form action=\"\/index.php?rest_route=%2Fwp%2Fv2%2Fpages%2F3583#wpcf7-f3596-o1\" method=\"post\" class=\"wpcf7-form init\" aria-label=\"Contact form\" novalidate=\"novalidate\" data-status=\"init\">\n<fieldset class=\"hidden-fields-container\"><input type=\"hidden\" name=\"_wpcf7\" value=\"3596\" \/><input type=\"hidden\" name=\"_wpcf7_version\" value=\"6.1.5\" \/><input type=\"hidden\" name=\"_wpcf7_locale\" value=\"en_US\" \/><input type=\"hidden\" name=\"_wpcf7_unit_tag\" value=\"wpcf7-f3596-o1\" \/><input type=\"hidden\" name=\"_wpcf7_container_post\" value=\"0\" \/><input type=\"hidden\" name=\"_wpcf7_posted_data_hash\" value=\"\" \/><br \/>\n<\/fieldset>\n<p><strong><label> Dein Name<\/label><\/strong><br \/>\n<span class=\"wpcf7-form-control-wrap\" data-name=\"your-name\"><input size=\"40\" maxlength=\"400\" class=\"wpcf7-form-control wpcf7-text\" aria-invalid=\"false\" value=\"\" type=\"text\" name=\"your-name\" \/><\/span>\n<\/p>\n<p><strong><label> Deine E-Mail<\/label><\/strong><br \/>\n<span class=\"wpcf7-form-control-wrap\" data-name=\"your-email\"><input size=\"40\" maxlength=\"400\" class=\"wpcf7-form-control wpcf7-email wpcf7-text wpcf7-validates-as-email\" aria-invalid=\"false\" value=\"\" type=\"email\" name=\"your-email\" \/><\/span>\n<\/p>\n<p><strong><label> Betreff<\/label><\/strong><br \/>\n<span class=\"wpcf7-form-control-wrap\" data-name=\"your-subject\"><input size=\"40\" maxlength=\"400\" class=\"wpcf7-form-control wpcf7-text\" aria-invalid=\"false\" value=\"\" type=\"text\" name=\"your-subject\" \/><\/span>\n<\/p>\n<p><strong><label> Deine Nachricht<\/label><\/strong><br \/>\n<span class=\"wpcf7-form-control-wrap\" data-name=\"your-message\"><textarea cols=\"40\" rows=\"10\" maxlength=\"2000\" class=\"wpcf7-form-control wpcf7-textarea\" aria-invalid=\"false\" name=\"your-message\"><\/textarea><\/span>\n<\/p>\n<p><input class=\"wpcf7-form-control wpcf7-submit has-spinner\" type=\"submit\" value=\"Senden\" \/>\n<\/p>\n<div class=\"wpcf7-response-output\" aria-hidden=\"true\"><\/div>\n<\/form>\n<\/div>\n<p>\n<\/div><div data-bb-version=\"5.4.0\" class=\"bt_bb_separator bt_bb_border_style_none bt_bb_top_spacing_small bt_bb_bottom_spacing_small\" data-bt-override-class=\"{&quot;bt_bb_top_spacing_&quot;:{&quot;current_class&quot;:&quot;bt_bb_top_spacing_small&quot;,&quot;def&quot;:&quot;small&quot;},&quot;bt_bb_bottom_spacing_&quot;:{&quot;current_class&quot;:&quot;bt_bb_bottom_spacing_small&quot;,&quot;def&quot;:&quot;small&quot;}}\"><\/div><div  class=\"bt_bb_text\" ><\/p>\n<p><strong>Oder direkt per E-Mail \ud83d\udce7 an:<\/strong> <a href=\"mailto:kinderschutz@wsv-werder.de\" target=\"_blank\" rel=\"noopener\">kinderschutz@wsv-werder.de<\/a><\/p>\n<p>\n<\/div><\/div><\/div><\/div><\/div><\/div><\/div><!-- cell_inner --><\/div><!-- cell --><\/div><!-- port --><\/section>\n","protected":false},"excerpt":{"rendered":"<p>Respektvoller Umgang<\/p>\n","protected":false},"author":1,"featured_media":2122,"parent":3147,"menu_order":0,"comment_status":"closed","ping_status":"closed","template":"","meta":{"footnotes":""},"class_list":["post-3583","page","type-page","status-publish","has-post-thumbnail","hentry"],"_links":{"self":[{"href":"https:\/\/wsv-werder.com\/index.php?rest_route=\/wp\/v2\/pages\/3583","targetHints":{"allow":["GET"]}}],"collection":[{"href":"https:\/\/wsv-werder.com\/index.php?rest_route=\/wp\/v2\/pages"}],"about":[{"href":"https:\/\/wsv-werder.com\/index.php?rest_route=\/wp\/v2\/types\/page"}],"author":[{"embeddable":true,"href":"https:\/\/wsv-werder.com\/index.php?rest_route=\/wp\/v2\/users\/1"}],"replies":[{"embeddable":true,"href":"https:\/\/wsv-werder.com\/index.php?rest_route=%2Fwp%2Fv2%2Fcomments&post=3583"}],"version-history":[{"count":10,"href":"https:\/\/wsv-werder.com\/index.php?rest_route=\/wp\/v2\/pages\/3583\/revisions"}],"predecessor-version":[{"id":3604,"href":"https:\/\/wsv-werder.com\/index.php?rest_route=\/wp\/v2\/pages\/3583\/revisions\/3604"}],"up":[{"embeddable":true,"href":"https:\/\/wsv-werder.com\/index.php?rest_route=\/wp\/v2\/pages\/3147"}],"wp:featuredmedia":[{"embeddable":true,"href":"https:\/\/wsv-werder.com\/index.php?rest_route=\/wp\/v2\/media\/2122"}],"wp:attachment":[{"href":"https:\/\/wsv-werder.com\/index.php?rest_route=%2Fwp%2Fv2%2Fmedia&parent=3583"}],"curies":[{"name":"wp","href":"https:\/\/api.w.org\/{rel}","templated":true}]}}